{"id":5,"date":"2023-10-23T13:44:36","date_gmt":"2023-10-23T11:44:36","guid":{"rendered":"http:\/\/amcrenx.cluster028.hosting.ovh.net\/index.php\/one-page-express\/"},"modified":"2023-10-23T14:19:03","modified_gmt":"2023-10-23T12:19:03","slug":"one-page-express","status":"publish","type":"page","link":"https:\/\/www.amcrenovation.fr\/","title":{"rendered":"Accueil"},"content":{"rendered":"<div  id=\"overlapable-2\" style=\"background-color: #ffffff;\" data-label=\"Overlapable\" data-id=\"stripped-coloured-icon-boxes\" data-category=\"overlapable\" class=\"features-coloured-icon-boxes-section\" data-overlap=\"true\">\n<div  class=\"gridContainer\">\n<div  class=\"features-coloured-icon-boxes-innerrow flexbox-list dark-text\" data-type=\"row\">\n<div  class=\"features-coloured-icon-boxes-featurecol cp3cols\">\n<div  class=\"features-coloured-icon-boxes-iconcontainer\" data-content-item-container=\"true\"> <i  data-cp-fa=\"true\" class=\"features-coloured-icon fa fa-bolt\"><\/i><\/div>\n<h4  class=\"\">ELECTRICITE<\/h4>\n<p  class=\"\">Electricien et domoticien\n\nAvec 20 ans d\u2019exp\u00e9riences dans le b\u00e2timent que vous soyez un professionnel ou un particulier, faites confiance \u00e0 un expert<\/p>\n <a class=\"features-coloured-button\" href=\"#\" target=\"_self\" rel=\"noopener\">EN SAVOIR PLUS<\/a><\/div>\n<div  class=\"features-coloured-icon-boxes-featurecol cp3cols\">\n<div  class=\"features-coloured-icon-boxes-iconcontainer\" data-content-item-container=\"true\"> <i  data-cp-fa=\"true\" class=\"features-coloured-icon fa fa-cloud\"><\/i><\/div>\n<h4  class=\"\">RENOVATION<\/h4>\n<p  class=\"\">Votre bien \u00e0 besoin d\u2019un coup de jeune ? Vous souhaitez l\u2019agrandir ou simplement effectuer des travaux de maconnerie? Contactez-nous!<\/p>\n <a class=\"features-coloured-button\" href=\"#\" target=\"_self\" rel=\"noopener\">EN SAVOIR PLUS<\/a><\/div>\n<div  class=\"features-coloured-icon-boxes-featurecol cp3cols\">\n<div  class=\"features-coloured-icon-boxes-iconcontainer\" data-content-item-container=\"true\"> <i  data-cp-fa=\"true\" class=\"features-coloured-icon fa fa-pie-chart\"><\/i><\/div>\n<h4  class=\"\">MULTI COMPETENCES<\/h4>\n<p  class=\"\">Profitez d\u2019un projet cl\u00e9 en main dans les d\u00e9lais convenus et d\u2019une garantie d\u00e9cennale.<\/p>\n <a class=\"features-coloured-button\" href=\"#\" target=\"_self\" rel=\"noopener\">EN SAVOIR PLUS<\/a><\/div>\n<\/div>\n<\/div>\n<\/div><div  id=\"about-1\" style=\"background-color: #f6f6f6;\" data-label=\"About\" data-id=\"about-big-images-section\" data-category=\"about\" class=\"about-big-images-section\">\n<div  class=\"gridContainer\">\n<div  class=\"about-big-images-textrow\">\n<div  class=\"about-big-images-textcol dynamic-color\" data-type=\"column\">\n<h5  class=\"\">LOREM IPSUM DOLOR<\/h5>\n<h3  class=\"\">Brand new WordPress theme&nbsp;<span  href=\"#\" class=\"span25\">with unlimited power<\/span>&nbsp;and customization possibilities<\/h3>\n<p  class=\"\">Lorem ipsum dolor sit amet, consectetur adipisicing elit, sed do eiusmod tempor incididunt ut labore et dolore magna aliqua. Ut enim ad minim veniam, quis nostrud.<\/p>\n <a  class=\"button blue big\" href=\"#\">GET STARTED NOW<\/a><\/div>\n<\/div>\n<\/div>\n<div  class=\"about-big-images-bottomrow\">\n<div  class=\"about-big-images-leftimgcol\"><img  decoding=\"async\" class=\"about-big-images-leftimg\" src=\"http:\/\/amcrenx.cluster028.hosting.ovh.net\/wp-content\/plugins\/one-page-express-companion\/theme-data\/one-page-express\/sections\/images\/nordwood-themes-180852.jpg\"><\/div>\n<div  class=\"about-big-images-centerimgcol\"><img  decoding=\"async\" class=\"about-big-images-centerimg\" src=\"http:\/\/amcrenx.cluster028.hosting.ovh.net\/wp-content\/plugins\/one-page-express-companion\/theme-data\/one-page-express\/sections\/images\/ir5likvfqc4-william-iven-1920x1275.jpg\"><\/div>\n<div  class=\"about-big-images-rightimgcol\"><img  decoding=\"async\" class=\"about-big-images-rightimg\" src=\"http:\/\/amcrenx.cluster028.hosting.ovh.net\/wp-content\/plugins\/one-page-express-companion\/theme-data\/one-page-express\/sections\/images\/project1.jpg\"><\/div>\n<\/div>\n<\/div><div  id=\"content-3\" style=\"background-color: #ffffff;\" data-label=\"Content\" data-id=\"content-image-left\" data-category=\"content\" class=\"content-left-image-section\">\n<div  class=\"gridContainer\">\n<div  class=\"row\">\n<div  class=\"content-left-image-imgcol\" data-type=\"column\"> <img  decoding=\"async\" src=\"http:\/\/amcrenx.cluster028.hosting.ovh.net\/wp-content\/plugins\/one-page-express-companion\/theme-data\/one-page-express\/sections\/images\/project1.jpg\" class=\"\"><\/div>\n<div  class=\"content-left-image-textcol dynamic-color\" data-type=\"column\">\n<h2  class=\"\">This is one of the things\nwe do best&nbsp;<\/h2>\n<p  class=\"large_text\"> Lorem ipsum dolor sit amet, consectetur adipisicing elit, sed do eiusmod tempor incididunt ut labore et dolore magna aliqua. Ut enim ad minim veniam, quis nostrud exercitation ullamco laboris nisi ut aliquip ex ea commodo consequat.<\/p>\n <a  class=\"button blue\" href=\"#\"> LEARN MORE <\/a><\/div>\n<\/div>\n<\/div>\n<\/div><div  id=\"content-4\" style=\"background-color: #f6f6f6;\" data-label=\"Content\" data-id=\"content-image-right\" data-category=\"content\" class=\"content-right-image-section\">\n<div  class=\"gridContainer\">\n<div  class=\"content-right-image-gridcol\">\n<div  class=\"content-right-image-textcol dynamic-color\" data-type=\"column\">\n<h2  class=\"\">This is one of the things\nwe do best&nbsp;<\/h2>\n<p  class=\"large_text\"> Lorem ipsum dolor sit amet, consectetur adipisicing elit, sed do eiusmod tempor incididunt ut labore et dolore magna aliqua. Ut enim ad minim veniam, quis nostrud exercitation ullamco laboris nisi ut aliquip ex ea commodo consequat.<\/p>\n <a  class=\"button blue\" href=\"#\"> Learn More <\/a><\/div>\n<div  class=\"content-right-image-imgcol\" data-type=\"column\"> <img  decoding=\"async\" src=\"http:\/\/amcrenx.cluster028.hosting.ovh.net\/wp-content\/plugins\/one-page-express-companion\/theme-data\/one-page-express\/sections\/images\/project1.jpg\" class=\"\"><\/div>\n<\/div>\n<\/div>\n<\/div><div  id=\"portfolio-2\" style=\"background-color: #ffffff;\" data-label=\"Portfolio\" data-id=\"portfolio-full-section\" data-category=\"portfolio\">\n<div  class=\"portfolio-full-section\" data-type=\"row\">\n<div  class=\"portfolio-full-projectco cp4cols cp4cols-tablet\">\n<div  class=\"contentswap-effect ContentSwap103\" hover-fx=\"ContentSwap103\" id=\"ContentSwap103\">\n<div  class=\"ContentSwap103_content initial-image\"><img  decoding=\"async\" class=\"portfolio-full-projectimg\" data-size=\"1200x800\" src=\"http:\/\/amcrenx.cluster028.hosting.ovh.net\/wp-content\/plugins\/one-page-express-companion\/theme-data\/one-page-express\/sections\/images\/project3.jpg\"><\/div>\n<div  class=\"overlay\" style=\"display: block; opacity: 1;\"><\/div>\n<div  class=\"swap-inner\" style=\"opacity: 1; display: block;\">\n<div  class=\"ContentSwap103-center\">\n<h4  class=\"protfolio-full-itemtitle\">A COOL PROJECT<\/h4>\n<a  class=\"button yellow\" href=\"#\">Check it out<\/a><\/div>\n<\/div>\n<\/div>\n<\/div>\n<div  class=\"portfolio-full-projectco cp4cols cp4cols-tablet\">\n<div  class=\"contentswap-effect ContentSwap103\" hover-fx=\"ContentSwap103\" id=\"ContentSwap103\" is-hovered=\"1\">\n<div  class=\"ContentSwap103_content initial-image\"><img  decoding=\"async\" class=\"portfolio-full-projectimg\" data-size=\"1200x800\" src=\"http:\/\/amcrenx.cluster028.hosting.ovh.net\/wp-content\/plugins\/one-page-express-companion\/theme-data\/one-page-express\/sections\/images\/project1.jpg\"><\/div>\n<div  class=\"overlay\" style=\"display: block; opacity: 1;\"><\/div>\n<div  class=\"swap-inner\" style=\"opacity: 1; display: block;\">\n<div  class=\"ContentSwap103-center\">\n<h4  class=\"protfolio-full-itemtitle\">A COOL PROJECT<\/h4>\n<a  class=\"button yellow\" href=\"#\">CHECK IT OUT<\/a><\/div>\n<\/div>\n<\/div>\n<\/div>\n<div  class=\"portfolio-full-projectco cp4cols cp4cols-tablet\">\n<div  class=\"contentswap-effect ContentSwap103\" hover-fx=\"ContentSwap103\" id=\"ContentSwap103\" is-hovered=\"1\">\n<div  class=\"ContentSwap103_content initial-image\"><img  decoding=\"async\" class=\"portfolio-full-projectimg\" data-size=\"1200x800\" src=\"http:\/\/amcrenx.cluster028.hosting.ovh.net\/wp-content\/plugins\/one-page-express-companion\/theme-data\/one-page-express\/sections\/images\/project2.jpg\"><\/div>\n<div  class=\"overlay\" style=\"display: block; opacity: 1;\"><\/div>\n<div  class=\"swap-inner\" style=\"opacity: 1; display: block;\">\n<div  class=\"ContentSwap103-center\">\n<h4  class=\"protfolio-full-itemtitle\">A COOL PROJECT<\/h4>\n<a  class=\"button yellow\" href=\"#\">CHECK IT OUT<\/a><\/div>\n<\/div>\n<\/div>\n<\/div>\n<\/div>\n<\/div><div  id=\"testimonials-1\" style=\"background-color: #f6f6f6;\" data-label=\"Testimonials\" data-id=\"testimonials-boxed-section\" data-category=\"testimonials\" class=\"testimonials-boxed-section\">\n<div  class=\"gridContainer\">\n<div  class=\"testimonials-boxed-textcol dynamic-color\" data-type=\"column\">\n<h2  class=\"\">What Our Clients Say<\/h2>\n<p  class=\"\">Lorem ipsum dolor sit amet, consectetur adipisicing elit, sed do eiusmod tempor incididunt ut labore et dolore magna aliqua. Ut enim ad minim veniam, quis nostrud exercitation ullamco laboris nisi.<\/p>\n\n\n<\/div>\n<div  class=\"testimonials-boxed-itemsrow dark-text\" data-type=\"row\">\n<div  class=\"testimonials-boxed-itemcol cp4cols cp6cols-tablet\">\n<div  class=\"testimonials-boxed-itemcard\" data-type=\"column\">\n<h4  class=\"testimonials-boxed-itemtext\">\u201cLorem ipsum dolor sit amet, consectetur adipisicing elit, sed do eiusmod tempor incididunt ut labore et dolore magna aliqua. Ut enim ad minim veniam.\u201d<\/h4>\n<img  decoding=\"async\" class=\"testimonials-boxed-itemimg\" data-size=\"500x500\" src=\"http:\/\/amcrenx.cluster028.hosting.ovh.net\/wp-content\/plugins\/one-page-express-companion\/theme-data\/one-page-express\/sections\/images\/face4.jpg\">\n<h5  class=\"testimonials-boxed-itemname\">Anna Johnson<\/h5>\n<h6  class=\"testimonials-boxed-itempos\">CEO @ COOLAPP<\/h6>\n<\/div>\n<\/div>\n<div  class=\"testimonials-boxed-itemcol cp4cols cp6cols-tablet\">\n<div  class=\"testimonials-boxed-itemcard\" data-type=\"column\">\n<h4  class=\"testimonials-boxed-itemtext\">\u201cLorem ipsum dolor sit amet, consectetur adipisicing elit, sed do eiusmod tempor incididunt ut labore et dolore magna aliqua. Ut enim ad minim veniam.\u201d<\/h4>\n<img  decoding=\"async\" class=\"testimonials-boxed-itemimg\" data-size=\"500x500\" src=\"http:\/\/amcrenx.cluster028.hosting.ovh.net\/wp-content\/plugins\/one-page-express-companion\/theme-data\/one-page-express\/sections\/images\/face9.jpg\">\n<h5  class=\"testimonials-boxed-itemname\">Eric Black<\/h5>\n<h6  class=\"testimonials-boxed-itempos\">CEO @ COOLAPP<\/h6>\n<\/div>\n<\/div>\n<div  class=\"testimonials-boxed-itemcol cp4cols cp6cols-tablet\">\n<div  class=\"testimonials-boxed-itemcard\" data-type=\"column\">\n<h4  class=\"testimonials-boxed-itemtext\">\u201cLorem ipsum dolor sit amet, consectetur adipisicing elit, sed do eiusmod tempor incididunt ut labore et dolore magna aliqua. Ut enim ad minim veniam.\u201d<\/h4>\n<img  decoding=\"async\" class=\"testimonials-boxed-itemimg\" data-size=\"500x500\" src=\"http:\/\/amcrenx.cluster028.hosting.ovh.net\/wp-content\/plugins\/one-page-express-companion\/theme-data\/one-page-express\/sections\/images\/face7.jpg\">\n<h5  class=\"testimonials-boxed-itemname\">John Collins<\/h5>\n<h6  class=\"testimonials-boxed-itempos\">CEO @ COOLAPP<\/h6>\n<\/div>\n<\/div>\n<\/div>\n<\/div>\n<\/div><div  id=\"cta-1\" data-label=\"Call to action\" data-id=\"cta-blue-section\" data-category=\"cta\" class=\"cta-blue-section\">\n<div  class=\"gridContainer\">\n<div  class=\"flexbox-list flexbox-list-align-center row\">\n<div  class=\"cta-blue-textcol dynamic-color\">\n<h2  class=\"cta-blue-text\"> <b  class=\"element2\"> Join us. <\/b> It will only take a minute<\/h2>\n<\/div>\n<div  class=\"cta-blue-btncol\"> <a  class=\"button big yellow dark-text\" href=\"#\"> GET STARTED TODAY <\/a><\/div>\n<\/div>\n<\/div>\n<\/div><div  id=\"team-1\" style=\"background-color: #ffffff;\" data-label=\"Team\" data-id=\"team-colors-section\" data-category=\"team\" class=\"team-colors-section\">\n<div  class=\"gridContainer\">\n<div  class=\"team-colors-textcol dynamic-color\">\n<h2 >Our Awesome Team<\/h2>\n<p  class=\"\">Lorem ipsum dolor sit amet, consectetur adipisicing elit, sed do eiusmod tempor incididunt ut labore et dolore magna aliqua. Ut enim ad minim veniam, quis nostrud exercitation.<\/p>\n\n\n<\/div>\n<div  class=\"team-colors-membersrow dark-text\" data-type=\"row\">\n<div  class=\"team-colors-membercol cp3cols cp6cols-tablet\">\n<div  class=\"team-colors-membercard\">\n<div  class=\"team-colors-background\"><\/div>\n<div  class=\"team-colors-memberinfo\" data-type=\"column\"><img  decoding=\"async\" class=\"team-colors-memberimg\" data-size=\"500x500\" height=\"175\" src=\"http:\/\/amcrenx.cluster028.hosting.ovh.net\/wp-content\/plugins\/one-page-express-companion\/theme-data\/one-page-express\/sections\/images\/face7.jpg\">\n<h4  class=\"team-colors-membername\">Chip Mayer<\/h4>\n<p  class=\"team-colors-memberposition\">Co-founder &amp; CEO<\/p>\n<p  class=\"\">Lorem ipsum dolor sit amet, consectetur adipisicing elit, sed do eiusmod tempor incididunt.<\/p>\n\n\n<hr  class=\"team-colors-separator\">\n\n<\/div>\n<div  class=\"team-colors-membericons\" data-type=\"group\"> <a  href=\"#\"><i  data-cp-fa=\"true\" class=\"team-colors-icon fa fa-linkedin\"><\/i><\/a> <a  href=\"#\"><i  data-cp-fa=\"true\" class=\"fa fa-twitter team-colors-icon\"><\/i><\/a> <a  href=\"#\"><i  data-cp-fa=\"true\" class=\"fa fa-dribbble team-colors-icon\"><\/i><\/a><\/div>\n<\/div>\n<\/div>\n<div  class=\"team-colors-membercol cp3cols cp6cols-tablet\">\n<div  class=\"team-colors-membercard\">\n<div  class=\"team-colors-background\"><\/div>\n<div  class=\"team-colors-memberinfo\" data-type=\"column\"><img  decoding=\"async\" class=\"team-colors-memberimg\" data-size=\"500x500\" src=\"http:\/\/amcrenx.cluster028.hosting.ovh.net\/wp-content\/plugins\/one-page-express-companion\/theme-data\/one-page-express\/sections\/images\/face11.jpg\">\n<h4  class=\"team-colors-membername\">Jane Brown<\/h4>\n<p  class=\"team-colors-memberposition\">Co-founder &amp; COO<\/p>\n<p  class=\"\">Lorem ipsum dolor sit amet, consectetur adipisicing elit, sed do eiusmod tempor incididunt.<\/p>\n\n\n<hr  class=\"team-colors-separator\">\n\n<\/div>\n<div  class=\"team-colors-membericons\" data-type=\"group\"> <a  href=\"#\"><i  data-cp-fa=\"true\" class=\"team-colors-icon fa fa-linkedin\"><\/i><\/a> <a  href=\"#\"><i  data-cp-fa=\"true\" class=\"fa fa-twitter team-colors-icon\"><\/i><\/a> <a  href=\"#\"><i  data-cp-fa=\"true\" class=\"fa fa-dribbble team-colors-icon\"><\/i><\/a><\/div>\n<\/div>\n<\/div>\n<div  class=\"team-colors-membercol cp3cols cp6cols-tablet\">\n<div  class=\"team-colors-membercard\">\n<div  class=\"team-colors-background\"><\/div>\n<div  class=\"team-colors-memberinfo\" data-type=\"column\"><img  decoding=\"async\" class=\"team-colors-memberimg\" data-size=\"500x500\" src=\"http:\/\/amcrenx.cluster028.hosting.ovh.net\/wp-content\/plugins\/one-page-express-companion\/theme-data\/one-page-express\/sections\/images\/face4.jpg\">\n<h4  class=\"team-colors-membername\">Erika Black&nbsp;<\/h4>\n<p  class=\"team-colors-memberposition\">Marketing Director<\/p>\n<p  class=\"\">Lorem ipsum dolor sit amet, consectetur adipisicing elit, sed do eiusmod tempor incididunt.<\/p>\n\n\n<hr  class=\"team-colors-separator\">\n\n<\/div>\n<div  class=\"team-colors-membericons\" data-type=\"group\"> <a  href=\"#\"><i  data-cp-fa=\"true\" class=\"team-colors-icon fa fa-linkedin\"><\/i><\/a> <a  href=\"#\"><i  data-cp-fa=\"true\" class=\"fa fa-twitter team-colors-icon\"><\/i><\/a> <a  href=\"#\"><i  data-cp-fa=\"true\" class=\"fa fa-dribbble team-colors-icon\"><\/i><\/a><\/div>\n<\/div>\n<\/div>\n<div  class=\"team-colors-membercol cp3cols cp6cols-tablet\">\n<div  class=\"team-colors-membercard\">\n<div  class=\"team-colors-background\"><\/div>\n<div  class=\"team-colors-memberinfo\" data-type=\"column\"><img  decoding=\"async\" class=\"team-colors-memberimg\" data-size=\"500x500\" src=\"http:\/\/amcrenx.cluster028.hosting.ovh.net\/wp-content\/plugins\/one-page-express-companion\/theme-data\/one-page-express\/sections\/images\/face9.jpg\">\n<h4  class=\"team-colors-membername\">George Mayer<\/h4>\n<p  class=\"team-colors-memberposition\">Creative Director<\/p>\n<p  class=\"\">Lorem ipsum dolor sit amet, consectetur adipisicing elit, sed do eiusmod tempor incididunt.<\/p>\n\n\n<hr  class=\"team-colors-separator\">\n\n<\/div>\n<div  class=\"team-colors-membericons\" data-type=\"group\"> <a  href=\"#\"><i  data-cp-fa=\"true\" class=\"team-colors-icon fa fa-linkedin\"><\/i><\/a> <a  href=\"#\"><i  data-cp-fa=\"true\" class=\"fa fa-twitter team-colors-icon\"><\/i><\/a> <a  href=\"#\"><i  data-cp-fa=\"true\" class=\"fa fa-dribbble team-colors-icon\"><\/i><\/a><\/div>\n<\/div>\n<\/div>\n<\/div>\n<\/div>\n<\/div><div  id=\"numbers\" data-label=\"Numbers\" data-id=\"numbers-section\" data-category=\"numbers\" data-bg=\"transparent\" class=\"numbers-section\" data-parallax-depth=\"20\">\n<div  class=\"gridContainer dynamic-color\">\n<div  class=\"numbers-itemcol\">\n<h2  class=\"numbers-numbertext\">230<\/h2>\n<h3  class=\"numbers-titletext\">PROJECTS<\/h3>\n<\/div>\n<div  class=\"numbers-itemcol\">\n<h2  class=\"numbers-numbertext\">75340<\/h2>\n<h3  class=\"numbers-titletext\">WORKED HOURS<\/h3>\n<\/div>\n<div  class=\"numbers-itemcol-last\">\n<h2  class=\"numbers-numbertext\">25<\/h2>\n<h3  class=\"numbers-titletext\">EMPLOYEES<\/h3>\n<\/div>\n<\/div>\n<\/div><div  id=\"latest-posts\" style=\"background-color: #ffffff;\" data-label=\"Latest posts\" data-id=\"blog-section\" data-category=\"latest_news\" class=\"blog-section\">\n<div  class=\"gridContainer\">\n<div  class=\"blog-textrow\">\n<div  class=\"blog-textcol dynamic-color\" data-type=\"column\">\n<h2  class=\"\">Latest News<\/h2>\n<p  class=\"\">Lorem ipsum dolor sit amet, consectetur adipisicing elit, sed do eiusmod tempor incididunt ut labore et dolore magna aliqua. Ut enim ad minim veniam, quis nostrud exercitation ullamco laboris nisi ut aliquip ex ea commodo consequat.<\/p>\n\n\n<\/div>\n<\/div>\n<div  class=\"blog-postsrow dark-text\" data-type=\"row\" data-dynamic-columns=\"one_page_express_latest_news_columns\" data-content-shortcode=\"one_page_express_latest_news\">\t\t\t<div id=\"post-1\" class=\"blog-postcol cp4cols\">\n\t\t\t<div class=\"post-content\">\n\t\t\t\t\t\t\t\t<div class=\"row_345\">\n\t\t\t\t\t<h3 class=\"blog-title\">\n\t\t\t\t\t\t<a href=\"https:\/\/www.amcrenovation.fr\/index.php\/2023\/10\/23\/bonjour-tout-le-monde\/\" rel=\"bookmark\">\n\t\t\t\t\t\t\tBonjour tout le monde\u00a0!\t\t\t\t\t\t<\/a>\n\t\t\t\t\t<\/h3>\n\t\t\t\t\t<p>Bienvenue sur WordPress. Ceci est votre premier article. Modifiez-le ou supprimez-le, puis commencez \u00e0 \u00e9crire\u00a0!<\/p>\n\t\t\t\t\t<a class=\"button blue small\" href=\"https:\/\/www.amcrenovation.fr\/index.php\/2023\/10\/23\/bonjour-tout-le-monde\/\">\n\t\t\t\t\t\t<span data-theme=\"one_page_express_latest_news_read_more\">Read more<\/span>\n\t\t\t\t\t<\/a>\n\t\t\t\t\t<hr class=\"blog-separator\">\n<div class=\"post-header\">\n    <i class=\"font-icon-post fa fa-user\"><\/i>\n    <a href=\"https:\/\/www.amcrenovation.fr\/index.php\/author\/admin8294\/\" title=\"Articles par admin8294\" rel=\"author\">admin8294<\/a>    <i class=\"font-icon-post fa fa-calendar\"><\/i>\n    <span class=\"span12\">23 octobre 2023<\/span>\n\n    <i class=\"font-icon-post fa fa-comment-o\"><\/i>\n    <span>1<\/span>\n<\/div>\t\t\t\t<\/div>\n\t\t\t<\/div>\n\t\t<\/div>\n\t\t<\/div>\n<div  class=\"blog-textcol\"> <a  class=\"button blue\" data-attr-shortcode=\"href:one_page_express_blog_link\" href=\"https:\/\/www.amcrenovation.fr\/index.php\/blog\/\">SEE ALL BLOG POSTS<\/a><\/div>\n<\/div>\n<\/div><div  id=\"contact-4\" data-label=\"Contact\" data-id=\"contact-section\" data-category=\"contact\" data-bg=\"transparent\" class=\"contact-section-formsection white-text\">\n<div  class=\"gridContainer\">\n<div  class=\"row_224\">\n<div  class=\"contact-textrow\">\n<div  class=\"contact-textcol dynamic-color\">\n<h2  class=\"\">Say Hello<\/h2>\n<p  class=\"white_text\">Lorem ipsum dolor sit amet, consectetur adipisicing elit, sed do eiusmod tempor incididunt ut labore et dolore magna aliqua.<\/p>\n\n\n<\/div>\n<\/div>\n<\/div>\n<div  class=\"contact-formcol\" data-content-shortcode=\"one_page_express_contact_form\" data-editable=\"true\"><p style=\"text-align:center;color:#ababab\">Contact form will be displayed here. To activate it you have to click this area and set the shortcode parameter in Customizer.<\/p><\/div>\n<\/div>\n<\/div>","protected":false},"excerpt":{"rendered":"<p>ELECTRICITE Electricien et domoticien Avec 20 ans d\u2019exp\u00e9riences dans le b\u00e2timent que vous soyez un professionnel ou un particulier, faites confiance \u00e0 un expert EN SAVOIR PLUS RENOVATION Votre bien \u00e0 besoin d\u2019un coup de jeune ? Vous souhaitez l\u2019agrandir ou simplement effectuer des travaux de maconnerie? Contactez-nous! EN SAVOIR PLUS MULTI COMPETENCES Profitez d\u2019un&hellip; <br \/> <a class=\"button small blue\" href=\"https:\/\/www.amcrenovation.fr\/index.php\/2023\/10\/23\/bonjour-tout-le-monde\/\">Lire la suite<\/a><\/p>\n","protected":false},"author":1,"featured_media":0,"parent":0,"menu_order":0,"comment_status":"closed","ping_status":"closed","template":"","meta":{"footnotes":""},"class_list":["post-5","page","type-page","status-publish","hentry"],"_links":{"self":[{"href":"https:\/\/www.amcrenovation.fr\/index.php\/wp-json\/wp\/v2\/pages\/5","targetHints":{"allow":["GET"]}}],"collection":[{"href":"https:\/\/www.amcrenovation.fr\/index.php\/wp-json\/wp\/v2\/pages"}],"about":[{"href":"https:\/\/www.amcrenovation.fr\/index.php\/wp-json\/wp\/v2\/types\/page"}],"author":[{"embeddable":true,"href":"https:\/\/www.amcrenovation.fr\/index.php\/wp-json\/wp\/v2\/users\/1"}],"replies":[{"embeddable":true,"href":"https:\/\/www.amcrenovation.fr\/index.php\/wp-json\/wp\/v2\/comments?post=5"}],"version-history":[{"count":5,"href":"https:\/\/www.amcrenovation.fr\/index.php\/wp-json\/wp\/v2\/pages\/5\/revisions"}],"predecessor-version":[{"id":19,"href":"https:\/\/www.amcrenovation.fr\/index.php\/wp-json\/wp\/v2\/pages\/5\/revisions\/19"}],"wp:attachment":[{"href":"https:\/\/www.amcrenovation.fr\/index.php\/wp-json\/wp\/v2\/media?parent=5"}],"curies":[{"name":"wp","href":"https:\/\/api.w.org\/{rel}","templated":true}]}}